{"id":230,"date":"2024-06-30T21:35:23","date_gmt":"2024-06-30T21:35:23","guid":{"rendered":"https:\/\/www.ekokids.org\/?page_id=230"},"modified":"2025-11-21T03:23:01","modified_gmt":"2025-11-21T03:23:01","slug":"programacion","status":"publish","type":"page","link":"https:\/\/www.ekokids.org\/index.php\/programacion\/","title":{"rendered":"Programaci\u00f3n"},"content":{"rendered":"\n<div id=\"eko-programacion\" style=\"font-family: 'Poppins', sans-serif; color: #444; line-height: 1.7;\"><div style=\"background: #f0f9ff; border-left: 5px solid #015de9; padding: 30px; border-radius: 0 15px 15px 0; margin-bottom: 50px; font-size: 1.1rem; color: #0a2463;\"><p style=\"margin: 0;\">Los talleres de programaci\u00f3n de Ekokids est\u00e1n dise\u00f1ados para despertar el inter\u00e9s de los ni\u00f1os en el mundo del desarrollo de software. Estos talleres brindan a los participantes una introducci\u00f3n pr\u00e1ctica y divertida a los conceptos b\u00e1sicos de la programaci\u00f3n, utilizando herramientas y lenguajes adaptados a su nivel de comprensi\u00f3n.<\/p><\/div><h2 style=\"color: #0a2463; font-weight: 900; font-size: 2rem; margin-bottom: 1.5rem; text-align: center;\">Objetivos de los Talleres<\/h2><div style=\"display: grid; grid-template-columns: repeat(auto-fit, minmax(250px, 1fr)); gap: 20px; margin-bottom: 60px;\"><div style=\"background: white; padding: 25px; border-radius: 20px; box-shadow: 0 10px 20px rgba(0,0,0,0.05); border: 1px solid #eee;\"><span style=\"color: #0a2463; font-weight: 800; display: block; margin-bottom: 8px;\">\ud83d\udcbb Desarrollar habilidades t\u00e9cnicas<\/span> Ense\u00f1ar a los ni\u00f1os los fundamentos de la programaci\u00f3n y c\u00f3mo aplicar estos conocimientos en proyectos pr\u00e1cticos.<\/div><div style=\"background: white; padding: 25px; border-radius: 20px; box-shadow: 0 10px 20px rgba(0,0,0,0.05); border: 1px solid #eee;\"><span style=\"color: #0a2463; font-weight: 800; display: block; margin-bottom: 8px;\">\ud83e\udde0 Fomentar el pensamiento l\u00f3gico<\/span> Ayudar a los ni\u00f1os a desarrollar habilidades de resoluci\u00f3n de problemas y pensamiento cr\u00edtico a trav\u00e9s de la codificaci\u00f3n.<\/div><div style=\"background: white; padding: 25px; border-radius: 20px; box-shadow: 0 10px 20px rgba(0,0,0,0.05); border: 1px solid #eee;\"><span style=\"color: #0a2463; font-weight: 800; display: block; margin-bottom: 8px;\">\ud83d\udca1 Estimular la creatividad<\/span> Proveer un entorno donde los ni\u00f1os puedan expresar su creatividad creando sus propios programas y aplicaciones.<\/div><div style=\"background: white; padding: 25px; border-radius: 20px; box-shadow: 0 10px 20px rgba(0,0,0,0.05); border: 1px solid #eee;\"><span style=\"color: #0a2463; font-weight: 800; display: block; margin-bottom: 8px;\">\ud83d\ude80 Preparar para el futuro<\/span> Introducir a los ni\u00f1os a una habilidad esencial en el mundo digital actual, prepar\u00e1ndolos para futuras oportunidades educativas y profesionales.<\/div><\/div><div style=\"background: #fafafa; padding: 40px 20px; border-radius: 30px;\"><h2 style=\"color: #0a2463; font-weight: 900; font-size: 2rem; margin-bottom: 1.5rem; text-align: center;\">Contenidos de los Talleres<\/h2><div style=\"display: flex; gap: 20px; margin-bottom: 30px; align-items: flex-start; background: #fff; padding: 20px; border-radius: 20px; box-shadow: 0 5px 15px rgba(0,0,0,0.03);\"><div style=\"background: #015de9; color: white; font-size: 1.5rem; font-weight: 900; min-width: 50px; height: 50px; border-radius: 50%; display: flex; align-items: center; justify-content: center; flex-shrink: 0;\">1<\/div><div style=\"flex-grow: 1;\"><h3 style=\"color: #f94cbb; font-weight: 700; font-size: 1.4rem; margin-top: 0; margin-bottom: 1rem;\">Introducci\u00f3n a la Programaci\u00f3n<\/h3><ul style=\"list-style: none; padding: 0; margin-top: 10px;\"><li style=\"margin-bottom: 10px; padding-left: 15px; border-left: 3px solid #f94cbb;\"><strong>Conceptos B\u00e1sicos<\/strong>: Explicaci\u00f3n de los conceptos fundamentales como variables, bucles, condicionales y funciones.<\/li><li style=\"margin-bottom: 10px; padding-left: 15px; border-left: 3px solid #f94cbb;\"><strong>Lenguajes de Programaci\u00f3n<\/strong>: Introducci\u00f3n a lenguajes amigables para los ni\u00f1os como Scratch y Python.<\/li><\/ul><\/div><\/div><div style=\"display: flex; gap: 20px; margin-bottom: 30px; align-items: flex-start; background: #fff; padding: 20px; border-radius: 20px; box-shadow: 0 5px 15px rgba(0,0,0,0.03);\"><div style=\"background: #015de9; color: white; font-size: 1.5rem; font-weight: 900; min-width: 50px; height: 50px; border-radius: 50%; display: flex; align-items: center; justify-content: center; flex-shrink: 0;\">2<\/div><div style=\"flex-grow: 1;\"><h3 style=\"color: #f94cbb; font-weight: 700; font-size: 1.4rem; margin-top: 0; margin-bottom: 1rem;\">Desarrollo de Juegos<\/h3><ul style=\"list-style: none; padding: 0; margin-top: 10px;\"><li style=\"margin-bottom: 10px; padding-left: 15px; border-left: 3px solid #f94cbb;\"><strong>Crear Juegos Simples<\/strong>: Ense\u00f1ar a los ni\u00f1os a desarrollar sus propios juegos, desde la idea inicial hasta el producto final.<\/li><li style=\"margin-bottom: 10px; padding-left: 15px; border-left: 3px solid #f94cbb;\"><strong>Elementos Interactivos<\/strong>: C\u00f3mo incorporar elementos interactivos y gr\u00e1ficos para hacer los juegos m\u00e1s atractivos.<\/li><\/ul><\/div><\/div><div style=\"display: flex; gap: 20px; margin-bottom: 30px; align-items: flex-start; background: #fff; padding: 20px; border-radius: 20px; box-shadow: 0 5px 15px rgba(0,0,0,0.03);\"><div style=\"background: #015de9; color: white; font-size: 1.5rem; font-weight: 900; min-width: 50px; height: 50px; border-radius: 50%; display: flex; align-items: center; justify-content: center; flex-shrink: 0;\">3<\/div><div style=\"flex-grow: 1;\"><h3 style=\"color: #f94cbb; font-weight: 700; font-size: 1.4rem; margin-top: 0; margin-bottom: 1rem;\">Proyectos de Programaci\u00f3n<\/h3><ul style=\"list-style: none; padding: 0; margin-top: 10px;\"><li style=\"margin-bottom: 10px; padding-left: 15px; border-left: 3px solid #f94cbb;\"><strong>Proyectos Guiados<\/strong>: Realizar proyectos guiados que refuercen los conceptos aprendidos y permitan a los ni\u00f1os ver el resultado de su trabajo.<\/li><li style=\"margin-bottom: 10px; padding-left: 15px; border-left: 3px solid #f94cbb;\"><strong>Proyectos Individuales<\/strong>: Fomentar la creaci\u00f3n de proyectos individuales donde los ni\u00f1os pueden explorar y aplicar sus propios intereses.<\/li><\/ul><\/div><\/div><div style=\"display: flex; gap: 20px; margin-bottom: 0; align-items: flex-start; background: #fff; padding: 20px; border-radius: 20px; box-shadow: 0 5px 15px rgba(0,0,0,0.03);\"><div style=\"background: #015de9; color: white; font-size: 1.5rem; font-weight: 900; min-width: 50px; height: 50px; border-radius: 50%; display: flex; align-items: center; justify-content: center; flex-shrink: 0;\">4<\/div><div style=\"flex-grow: 1;\"><h3 style=\"color: #f94cbb; font-weight: 700; font-size: 1.4rem; margin-top: 0; margin-bottom: 1rem;\">Introducci\u00f3n a la Rob\u00f3tica<\/h3><ul style=\"list-style: none; padding: 0; margin-top: 10px;\"><li style=\"margin-bottom: 10px; padding-left: 15px; border-left: 3px solid #f94cbb;\"><strong>Programaci\u00f3n de Robots<\/strong>: Ense\u00f1ar a los ni\u00f1os a programar robots simples usando lenguajes de programaci\u00f3n visuales y f\u00e1ciles de entender.<\/li><li style=\"margin-bottom: 10px; padding-left: 15px; border-left: 3px solid #f94cbb;\"><strong>Interacci\u00f3n F\u00edsica<\/strong>: C\u00f3mo programar robots para realizar tareas espec\u00edficas y responder a su entorno.<\/li><\/ul><\/div><\/div><\/div><div style=\"display: grid; grid-template-columns: repeat(auto-fit, minmax(300px, 1fr)); gap: 40px; margin-top: 50px;\"><div style=\"padding: 30px; border-radius: 20px; background-color: #eef4fc;\"><h2 style=\"color: #0a2463; font-weight: 900; font-size: 2rem; margin-bottom: 1.5rem; text-align: center;\">Metodolog\u00eda<\/h2><p>Nuestros talleres de programaci\u00f3n est\u00e1n dise\u00f1ados para ser **altamente interactivos y pr\u00e1cticos**. Los ni\u00f1os trabajan en equipos peque\u00f1os y reciben **atenci\u00f3n personalizada** de instructores experimentados. Utilizamos herramientas y recursos digitales que facilitan el aprendizaje y hacen que la programaci\u00f3n sea accesible y divertida.<\/p><\/div><div style=\"padding: 30px; border-radius: 20px; background-color: #fff0f9;\"><h2 style=\"color: #0a2463; font-weight: 900; font-size: 2rem; margin-bottom: 1.5rem; text-align: center;\">Beneficios para los Participantes<\/h2><ul style=\"list-style: none; padding: 0;\"><li style=\"margin-bottom: 15px; position: relative; padding-left: 30px;\"><span style=\"content: '\u2714'; color: #f94cbb; font-weight: bold; position: absolute; left: 0; top: 0;\">\u2714<\/span><strong>Adquisici\u00f3n de habilidades t\u00e9cnicas<\/strong>: Los ni\u00f1os adquieren habilidades pr\u00e1cticas en programaci\u00f3n, fundamentales para la era digital.<\/li><li style=\"margin-bottom: 15px; position: relative; padding-left: 30px;\"><span style=\"content: '\u2714'; color: #f94cbb; font-weight: bold; position: absolute; left: 0; top: 0;\">\u2714<\/span><strong>Mejora del pensamiento l\u00f3gico<\/strong>: Aprenden a abordar problemas de manera estructurada y l\u00f3gica, habilidades \u00fatiles m\u00e1s all\u00e1 de la programaci\u00f3n.<\/li><li style=\"margin-bottom: 15px; position: relative; padding-left: 30px;\"><span style=\"content: '\u2714'; color: #f94cbb; font-weight: bold; position: absolute; left: 0; top: 0;\">\u2714<\/span><strong>Creatividad y Autoexpresi\u00f3n<\/strong>: Tienen la oportunidad de ser creativos y desarrollar proyectos que reflejen sus intereses personales.<\/li><li style=\"margin-bottom: 15px; position: relative; padding-left: 30px;\"><span style=\"content: '\u2714'; color: #f94cbb; font-weight: bold; position: absolute; left: 0; top: 0;\">\u2714<\/span><strong>Preparaci\u00f3n para el futuro<\/strong>: Est\u00e1n mejor preparados para futuras oportunidades en educaci\u00f3n y carreras tecnol\u00f3gicas.<\/li><\/ul><\/div><\/div><\/div>\n","protected":false},"excerpt":{"rendered":"<p>Los talleres de programaci\u00f3n de Ekokids est\u00e1n dise\u00f1ados para despertar el inter\u00e9s de los ni\u00f1os en el mundo del desarrollo de software. Estos talleres brindan a los participantes una introducci\u00f3n pr\u00e1ctica y divertida a los conceptos b\u00e1sicos de la programaci\u00f3n, utilizando herramientas y lenguajes adaptados a su nivel de comprensi\u00f3n. Objetivos de los Talleres \ud83d\udcbb [&hellip;]<\/p>\n","protected":false},"author":1,"featured_media":0,"parent":0,"menu_order":0,"comment_status":"closed","ping_status":"closed","template":"","meta":{"footnotes":""},"class_list":["post-230","page","type-page","status-publish","hentry"],"_links":{"self":[{"href":"https:\/\/www.ekokids.org\/index.php\/wp-json\/wp\/v2\/pages\/230","targetHints":{"allow":["GET"]}}],"collection":[{"href":"https:\/\/www.ekokids.org\/index.php\/wp-json\/wp\/v2\/pages"}],"about":[{"href":"https:\/\/www.ekokids.org\/index.php\/wp-json\/wp\/v2\/types\/page"}],"author":[{"embeddable":true,"href":"https:\/\/www.ekokids.org\/index.php\/wp-json\/wp\/v2\/users\/1"}],"replies":[{"embeddable":true,"href":"https:\/\/www.ekokids.org\/index.php\/wp-json\/wp\/v2\/comments?post=230"}],"version-history":[{"count":4,"href":"https:\/\/www.ekokids.org\/index.php\/wp-json\/wp\/v2\/pages\/230\/revisions"}],"predecessor-version":[{"id":327,"href":"https:\/\/www.ekokids.org\/index.php\/wp-json\/wp\/v2\/pages\/230\/revisions\/327"}],"wp:attachment":[{"href":"https:\/\/www.ekokids.org\/index.php\/wp-json\/wp\/v2\/media?parent=230"}],"curies":[{"name":"wp","href":"https:\/\/api.w.org\/{rel}","templated":true}]}}