{"id":246,"date":"2024-06-30T22:05:11","date_gmt":"2024-06-30T22:05:11","guid":{"rendered":"https:\/\/www.ekokids.org\/?page_id=246"},"modified":"2025-11-21T00:34:29","modified_gmt":"2025-11-21T03:34:29","slug":"galeria","status":"publish","type":"page","link":"https:\/\/www.ekokids.org\/index.php\/galeria\/","title":{"rendered":"Galer\u00eda"},"content":{"rendered":"\n<div id=\"eko-galeria-pro\" style=\"font-family: 'Poppins', sans-serif; color: #444; padding: 40px 0;\">\n\n    <div style=\"text-align: center; margin-bottom: 50px;\">\n        <h2 style=\"color: #0a2463; font-weight: 900; font-size: 2.5rem; margin-bottom: 10px;\">Galer\u00eda Ekokids<\/h2>\n        <div style=\"height: 5px; width: 80px; background: #f94cbb; margin: 0 auto; border-radius: 10px;\"><\/div>\n        <p style=\"margin-top: 15px; font-size: 1.1rem; color: #666;\">Nuestros mejores momentos capturados a\u00f1o tras a\u00f1o.<\/p>\n    <\/div>\n\n    <div style=\"margin-bottom: 60px;\">\n        <h3 style=\"color: #0a2463; font-size: 1.8rem; font-weight: 800; margin-bottom: 25px; padding-left: 20px; border-left: 5px solid #f94cbb;\">Ekokids 2023<\/h3>\n        \n        <div style=\"column-width: 300px; column-gap: 20px;\">\n            \n            <div style=\"break-inside: avoid; margin-bottom: 20px; border-radius: 20px; overflow: hidden; box-shadow: 0 10px 25px rgba(0,0,0,0.08); transition: transform 0.3s ease;\">\n                <img decoding=\"async\" src=\"https:\/\/www.ekokids.org\/wp-content\/uploads\/2024\/06\/WhatsApp-Image-2024-06-30-at-18.54.06-2-1024x491.jpeg\" alt=\"Ekokids 2023\" style=\"width: 100%; display: block; height: auto;\">\n            <\/div>\n            \n            <div style=\"break-inside: avoid; margin-bottom: 20px; border-radius: 20px; overflow: hidden; box-shadow: 0 10px 25px rgba(0,0,0,0.08);\">\n                <img decoding=\"async\" src=\"https:\/\/www.ekokids.org\/wp-content\/uploads\/2024\/06\/WhatsApp-Image-2024-06-30-at-18.54.07-1024x478.jpeg\" alt=\"Ekokids 2023\" style=\"width: 100%; display: block; height: auto;\">\n            <\/div>\n\n            <div style=\"break-inside: avoid; margin-bottom: 20px; border-radius: 20px; overflow: hidden; box-shadow: 0 10px 25px rgba(0,0,0,0.08);\">\n                <img decoding=\"async\" src=\"https:\/\/www.ekokids.org\/wp-content\/uploads\/2024\/06\/WhatsApp-Image-2024-06-28-at-09.19.02.jpeg\" alt=\"Ekokids 2023\" style=\"width: 100%; display: block; height: auto;\">\n            <\/div>\n\n            <div style=\"break-inside: avoid; margin-bottom: 20px; border-radius: 20px; overflow: hidden; box-shadow: 0 10px 25px rgba(0,0,0,0.08);\">\n                <img decoding=\"async\" src=\"https:\/\/www.ekokids.org\/wp-content\/uploads\/2024\/06\/WhatsApp-Image-2024-06-30-at-18.53.55-1024x478.jpeg\" alt=\"Ekokids 2023\" style=\"width: 100%; display: block; height: auto;\">\n            <\/div>\n\n        <\/div>\n    <\/div>\n\n    <div style=\"margin-bottom: 60px;\">\n        <h3 style=\"color: #0a2463; font-size: 1.8rem; font-weight: 800; margin-bottom: 25px; padding-left: 20px; border-left: 5px solid #015de9;\">Ekokids 2022<\/h3>\n        \n        <div style=\"column-width: 300px; column-gap: 20px;\">\n            \n            <div style=\"break-inside: avoid; margin-bottom: 20px; border-radius: 20px; overflow: hidden; box-shadow: 0 10px 25px rgba(0,0,0,0.08);\">\n                <img decoding=\"async\" src=\"https:\/\/www.ekokids.org\/wp-content\/uploads\/2024\/06\/WhatsApp-Image-2024-06-30-at-18.54.12-1-1024x755.jpeg\" alt=\"Ekokids 2022\" style=\"width: 100%; display: block; height: auto;\">\n            <\/div>\n\n            <div style=\"break-inside: avoid; margin-bottom: 20px; border-radius: 20px; overflow: hidden; box-shadow: 0 10px 25px rgba(0,0,0,0.08);\">\n                <img decoding=\"async\" src=\"https:\/\/www.ekokids.org\/wp-content\/uploads\/2024\/06\/WhatsApp-Image-2024-06-30-at-18.54.10-1024x764.jpeg\" alt=\"Ekokids 2022\" style=\"width: 100%; display: block; height: auto;\">\n            <\/div>\n\n            <div style=\"break-inside: avoid; margin-bottom: 20px; border-radius: 20px; overflow: hidden; box-shadow: 0 10px 25px rgba(0,0,0,0.08);\">\n                <img decoding=\"async\" src=\"https:\/\/www.ekokids.org\/wp-content\/uploads\/2024\/06\/WhatsApp-Image-2024-06-30-at-18.59.35-1024x777.jpeg\" alt=\"Ekokids 2022\" style=\"width: 100%; display: block; height: auto;\">\n            <\/div>\n\n            <div style=\"break-inside: avoid; margin-bottom: 20px; border-radius: 20px; overflow: hidden; box-shadow: 0 10px 25px rgba(0,0,0,0.08);\">\n                <img decoding=\"async\" src=\"https:\/\/www.ekokids.org\/wp-content\/uploads\/2024\/06\/WhatsApp-Image-2024-06-30-at-18.54.11-749x1024.jpeg\" alt=\"Ekokids 2022\" style=\"width: 100%; display: block; height: auto;\">\n            <\/div>\n\n             <div style=\"break-inside: avoid; margin-bottom: 20px; border-radius: 20px; overflow: hidden; box-shadow: 0 10px 25px rgba(0,0,0,0.08);\">\n                <img decoding=\"async\" src=\"https:\/\/www.ekokids.org\/wp-content\/uploads\/2024\/06\/WhatsApp-Image-2024-06-30-at-18.54.12-2-1024x769.jpeg\" alt=\"Ekokids 2022\" style=\"width: 100%; display: block; height: auto;\">\n            <\/div>\n\n        <\/div>\n    <\/div>\n\n    <div style=\"margin-bottom: 60px;\">\n        <h3 style=\"color: #0a2463; font-size: 1.8rem; font-weight: 800; margin-bottom: 25px; padding-left: 20px; border-left: 5px solid #f94cbb;\">Ekokids 2021<\/h3>\n        \n        <div style=\"column-width: 300px; column-gap: 20px;\">\n            \n            <div style=\"break-inside: avoid; margin-bottom: 20px; border-radius: 20px; overflow: hidden; box-shadow: 0 10px 25px rgba(0,0,0,0.08);\">\n                <img decoding=\"async\" src=\"https:\/\/www.ekokids.org\/wp-content\/uploads\/2024\/06\/WhatsApp-Image-2024-06-30-at-18.54.13-1024x560.jpeg\" alt=\"Ekokids 2021\" style=\"width: 100%; display: block; height: auto;\">\n            <\/div>\n\n            <div style=\"break-inside: avoid; margin-bottom: 20px; border-radius: 20px; overflow: hidden; box-shadow: 0 10px 25px rgba(0,0,0,0.08);\">\n                <img decoding=\"async\" src=\"https:\/\/www.ekokids.org\/wp-content\/uploads\/2024\/06\/WhatsApp-Image-2024-06-30-at-18.54.12-1024x563.jpeg\" alt=\"Ekokids 2021\" style=\"width: 100%; display: block; height: auto;\">\n            <\/div>\n\n            <div style=\"break-inside: avoid; margin-bottom: 20px; border-radius: 20px; overflow: hidden; box-shadow: 0 10px 25px rgba(0,0,0,0.08);\">\n                <img decoding=\"async\" src=\"https:\/\/www.ekokids.org\/wp-content\/uploads\/2024\/06\/WhatsApp-Image-2024-06-30-at-18.54.10-1-1024x1020.jpeg\" alt=\"Ekokids 2021\" style=\"width: 100%; display: block; height: auto;\">\n            <\/div>\n\n        <\/div>\n    <\/div>\n\n<\/div>\n\n\n\n<p class=\"has-black-color has-text-color has-link-color wp-elements-9ac00cf961d1ea846fe5a532228b76c6\"><\/p>\n","protected":false},"excerpt":{"rendered":"<p>Galer\u00eda Ekokids Nuestros mejores momentos capturados a\u00f1o tras a\u00f1o. Ekokids 2023 Ekokids 2022 Ekokids 2021<\/p>\n","protected":false},"author":1,"featured_media":0,"parent":0,"menu_order":0,"comment_status":"closed","ping_status":"closed","template":"","meta":{"footnotes":""},"class_list":["post-246","page","type-page","status-publish","hentry"],"_links":{"self":[{"href":"https:\/\/www.ekokids.org\/index.php\/wp-json\/wp\/v2\/pages\/246","targetHints":{"allow":["GET"]}}],"collection":[{"href":"https:\/\/www.ekokids.org\/index.php\/wp-json\/wp\/v2\/pages"}],"about":[{"href":"https:\/\/www.ekokids.org\/index.php\/wp-json\/wp\/v2\/types\/page"}],"author":[{"embeddable":true,"href":"https:\/\/www.ekokids.org\/index.php\/wp-json\/wp\/v2\/users\/1"}],"replies":[{"embeddable":true,"href":"https:\/\/www.ekokids.org\/index.php\/wp-json\/wp\/v2\/comments?post=246"}],"version-history":[{"count":7,"href":"https:\/\/www.ekokids.org\/index.php\/wp-json\/wp\/v2\/pages\/246\/revisions"}],"predecessor-version":[{"id":333,"href":"https:\/\/www.ekokids.org\/index.php\/wp-json\/wp\/v2\/pages\/246\/revisions\/333"}],"wp:attachment":[{"href":"https:\/\/www.ekokids.org\/index.php\/wp-json\/wp\/v2\/media?parent=246"}],"curies":[{"name":"wp","href":"https:\/\/api.w.org\/{rel}","templated":true}]}}